{"id":40743,"date":"2025-07-15T14:05:27","date_gmt":"2025-07-15T12:05:27","guid":{"rendered":"https:\/\/placezabawfrajda.pl\/produkt\/blokada-parkingowa-a\/"},"modified":"2026-03-12T10:47:56","modified_gmt":"2026-03-12T09:47:56","slug":"parking-block-a","status":"publish","type":"product","link":"https:\/\/placezabawfrajda.pl\/en\/produkt\/parking-block-a\/","title":{"rendered":"Parking block A"},"content":{"rendered":"","protected":false},"excerpt":{"rendered":"","protected":false},"featured_media":40741,"comment_status":"closed","ping_status":"open","template":"","meta":{"_acf_changed":false},"product_brand":[],"product_cat":[116],"product_tag":[],"class_list":{"0":"post-40743","1":"product","2":"type-product","3":"status-publish","4":"has-post-thumbnail","6":"product_cat-benches-bins-fences","8":"first","9":"instock","10":"purchasable","11":"product-type-simple"},"acf":[],"yoast_head":"<!-- This site is optimized with the Yoast SEO plugin v27.2 - https:\/\/yoast.com\/product\/yoast-seo-wordpress\/ -->\n<title>Parking block A - FRAJDA<\/title>\n<meta name=\"description\" content=\"Parking block A - bezpieczny produkt z atestem prosto od polskiego producenta. Bezpiecze\u0144stwo na lata. Sprawd\u017a!\" \/>\n<meta name=\"robots\" content=\"index, follow, max-snippet:-1, max-image-preview:large, max-video-preview:-1\" \/>\n<link rel=\"canonical\" href=\"https:\/\/placezabawfrajda.pl\/en\/produkt\/parking-block-a\/\" \/>\n<meta property=\"og:locale\" content=\"en_US\" \/>\n<meta property=\"og:type\" content=\"article\" \/>\n<meta property=\"og:title\" content=\"Parking block A - FRAJDA\" \/>\n<meta property=\"og:description\" content=\"Parking block A - bezpieczny produkt z atestem prosto od polskiego producenta. Bezpiecze\u0144stwo na lata. Sprawd\u017a!\" \/>\n<meta property=\"og:url\" content=\"https:\/\/placezabawfrajda.pl\/en\/produkt\/parking-block-a\/\" \/>\n<meta property=\"og:site_name\" content=\"FRAJDA\" \/>\n<meta property=\"article:publisher\" content=\"https:\/\/www.facebook.com\/PlaceZabawFrajda\/\" \/>\n<meta property=\"article:modified_time\" content=\"2026-03-12T09:47:56+00:00\" \/>\n<meta property=\"og:image\" content=\"https:\/\/placezabawfrajda.pl\/wp-content\/uploads\/2025\/07\/57175fc8db444.png\" \/>\n\t<meta property=\"og:image:width\" content=\"1920\" \/>\n\t<meta property=\"og:image:height\" content=\"1080\" \/>\n\t<meta property=\"og:image:type\" content=\"image\/png\" \/>\n<meta name=\"twitter:card\" content=\"summary_large_image\" \/>\n<script type=\"application\/ld+json\" class=\"yoast-schema-graph\">{\"@context\":\"https:\/\/schema.org\",\"@graph\":[{\"@type\":\"WebPage\",\"@id\":\"https:\/\/placezabawfrajda.pl\/en\/produkt\/parking-block-a\/\",\"url\":\"https:\/\/placezabawfrajda.pl\/en\/produkt\/parking-block-a\/\",\"name\":\"Parking block A - FRAJDA\",\"isPartOf\":{\"@id\":\"https:\/\/placezabawfrajda.pl\/#website\"},\"primaryImageOfPage\":{\"@id\":\"https:\/\/placezabawfrajda.pl\/en\/produkt\/parking-block-a\/#primaryimage\"},\"image\":{\"@id\":\"https:\/\/placezabawfrajda.pl\/en\/produkt\/parking-block-a\/#primaryimage\"},\"thumbnailUrl\":\"https:\/\/placezabawfrajda.pl\/wp-content\/uploads\/2025\/07\/57175fc8db444.png\",\"datePublished\":\"2025-07-15T12:05:27+00:00\",\"dateModified\":\"2026-03-12T09:47:56+00:00\",\"description\":\"Parking block A - bezpieczny produkt z atestem prosto od polskiego producenta. Bezpiecze\u0144stwo na lata. Sprawd\u017a!\",\"breadcrumb\":{\"@id\":\"https:\/\/placezabawfrajda.pl\/en\/produkt\/parking-block-a\/#breadcrumb\"},\"inLanguage\":\"en-US\",\"potentialAction\":[{\"@type\":\"ReadAction\",\"target\":[\"https:\/\/placezabawfrajda.pl\/en\/produkt\/parking-block-a\/\"]}]},{\"@type\":\"ImageObject\",\"inLanguage\":\"en-US\",\"@id\":\"https:\/\/placezabawfrajda.pl\/en\/produkt\/parking-block-a\/#primaryimage\",\"url\":\"https:\/\/placezabawfrajda.pl\/wp-content\/uploads\/2025\/07\/57175fc8db444.png\",\"contentUrl\":\"https:\/\/placezabawfrajda.pl\/wp-content\/uploads\/2025\/07\/57175fc8db444.png\",\"width\":1920,\"height\":1080},{\"@type\":\"BreadcrumbList\",\"@id\":\"https:\/\/placezabawfrajda.pl\/en\/produkt\/parking-block-a\/#breadcrumb\",\"itemListElement\":[{\"@type\":\"ListItem\",\"position\":1,\"name\":\"Strona g\u0142\u00f3wna\",\"item\":\"https:\/\/placezabawfrajda.pl\/\"},{\"@type\":\"ListItem\",\"position\":2,\"name\":\"Produkty\",\"item\":\"https:\/\/placezabawfrajda.pl\/shop\/\"},{\"@type\":\"ListItem\",\"position\":3,\"name\":\"Parking block A\"}]},{\"@type\":\"WebSite\",\"@id\":\"https:\/\/placezabawfrajda.pl\/#website\",\"url\":\"https:\/\/placezabawfrajda.pl\/\",\"name\":\"FRAJDA\",\"description\":\"Zajmujemy si\u0119 produkcj\u0105 i monta\u017cem plac\u00f3w zabaw.\",\"alternateName\":\"Place zabaw Frajda\",\"potentialAction\":[{\"@type\":\"SearchAction\",\"target\":{\"@type\":\"EntryPoint\",\"urlTemplate\":\"https:\/\/placezabawfrajda.pl\/?s={search_term_string}\"},\"query-input\":{\"@type\":\"PropertyValueSpecification\",\"valueRequired\":true,\"valueName\":\"search_term_string\"}}],\"inLanguage\":\"en-US\"}]}<\/script>\n<!-- \/ Yoast SEO plugin. -->","yoast_head_json":{"title":"Parking block A - FRAJDA","description":"Parking block A - bezpieczny produkt z atestem prosto od polskiego producenta. Bezpiecze\u0144stwo na lata. Sprawd\u017a!","robots":{"index":"index","follow":"follow","max-snippet":"max-snippet:-1","max-image-preview":"max-image-preview:large","max-video-preview":"max-video-preview:-1"},"canonical":"https:\/\/placezabawfrajda.pl\/en\/produkt\/parking-block-a\/","og_locale":"en_US","og_type":"article","og_title":"Parking block A - FRAJDA","og_description":"Parking block A - bezpieczny produkt z atestem prosto od polskiego producenta. Bezpiecze\u0144stwo na lata. Sprawd\u017a!","og_url":"https:\/\/placezabawfrajda.pl\/en\/produkt\/parking-block-a\/","og_site_name":"FRAJDA","article_publisher":"https:\/\/www.facebook.com\/PlaceZabawFrajda\/","article_modified_time":"2026-03-12T09:47:56+00:00","og_image":[{"width":1920,"height":1080,"url":"https:\/\/placezabawfrajda.pl\/wp-content\/uploads\/2025\/07\/57175fc8db444.png","type":"image\/png"}],"twitter_card":"summary_large_image","schema":{"@context":"https:\/\/schema.org","@graph":[{"@type":"WebPage","@id":"https:\/\/placezabawfrajda.pl\/en\/produkt\/parking-block-a\/","url":"https:\/\/placezabawfrajda.pl\/en\/produkt\/parking-block-a\/","name":"Parking block A - FRAJDA","isPartOf":{"@id":"https:\/\/placezabawfrajda.pl\/#website"},"primaryImageOfPage":{"@id":"https:\/\/placezabawfrajda.pl\/en\/produkt\/parking-block-a\/#primaryimage"},"image":{"@id":"https:\/\/placezabawfrajda.pl\/en\/produkt\/parking-block-a\/#primaryimage"},"thumbnailUrl":"https:\/\/placezabawfrajda.pl\/wp-content\/uploads\/2025\/07\/57175fc8db444.png","datePublished":"2025-07-15T12:05:27+00:00","dateModified":"2026-03-12T09:47:56+00:00","description":"Parking block A - bezpieczny produkt z atestem prosto od polskiego producenta. Bezpiecze\u0144stwo na lata. Sprawd\u017a!","breadcrumb":{"@id":"https:\/\/placezabawfrajda.pl\/en\/produkt\/parking-block-a\/#breadcrumb"},"inLanguage":"en-US","potentialAction":[{"@type":"ReadAction","target":["https:\/\/placezabawfrajda.pl\/en\/produkt\/parking-block-a\/"]}]},{"@type":"ImageObject","inLanguage":"en-US","@id":"https:\/\/placezabawfrajda.pl\/en\/produkt\/parking-block-a\/#primaryimage","url":"https:\/\/placezabawfrajda.pl\/wp-content\/uploads\/2025\/07\/57175fc8db444.png","contentUrl":"https:\/\/placezabawfrajda.pl\/wp-content\/uploads\/2025\/07\/57175fc8db444.png","width":1920,"height":1080},{"@type":"BreadcrumbList","@id":"https:\/\/placezabawfrajda.pl\/en\/produkt\/parking-block-a\/#breadcrumb","itemListElement":[{"@type":"ListItem","position":1,"name":"Strona g\u0142\u00f3wna","item":"https:\/\/placezabawfrajda.pl\/"},{"@type":"ListItem","position":2,"name":"Produkty","item":"https:\/\/placezabawfrajda.pl\/shop\/"},{"@type":"ListItem","position":3,"name":"Parking block A"}]},{"@type":"WebSite","@id":"https:\/\/placezabawfrajda.pl\/#website","url":"https:\/\/placezabawfrajda.pl\/","name":"FRAJDA","description":"Zajmujemy si\u0119 produkcj\u0105 i monta\u017cem plac\u00f3w zabaw.","alternateName":"Place zabaw Frajda","potentialAction":[{"@type":"SearchAction","target":{"@type":"EntryPoint","urlTemplate":"https:\/\/placezabawfrajda.pl\/?s={search_term_string}"},"query-input":{"@type":"PropertyValueSpecification","valueRequired":true,"valueName":"search_term_string"}}],"inLanguage":"en-US"}]}},"_links":{"self":[{"href":"https:\/\/placezabawfrajda.pl\/en\/wp-json\/wp\/v2\/product\/40743","targetHints":{"allow":["GET"]}}],"collection":[{"href":"https:\/\/placezabawfrajda.pl\/en\/wp-json\/wp\/v2\/product"}],"about":[{"href":"https:\/\/placezabawfrajda.pl\/en\/wp-json\/wp\/v2\/types\/product"}],"replies":[{"embeddable":true,"href":"https:\/\/placezabawfrajda.pl\/en\/wp-json\/wp\/v2\/comments?post=40743"}],"version-history":[{"count":1,"href":"https:\/\/placezabawfrajda.pl\/en\/wp-json\/wp\/v2\/product\/40743\/revisions"}],"predecessor-version":[{"id":40745,"href":"https:\/\/placezabawfrajda.pl\/en\/wp-json\/wp\/v2\/product\/40743\/revisions\/40745"}],"wp:featuredmedia":[{"embeddable":true,"href":"https:\/\/placezabawfrajda.pl\/en\/wp-json\/wp\/v2\/media\/40741"}],"wp:attachment":[{"href":"https:\/\/placezabawfrajda.pl\/en\/wp-json\/wp\/v2\/media?parent=40743"}],"wp:term":[{"taxonomy":"product_brand","embeddable":true,"href":"https:\/\/placezabawfrajda.pl\/en\/wp-json\/wp\/v2\/product_brand?post=40743"},{"taxonomy":"product_cat","embeddable":true,"href":"https:\/\/placezabawfrajda.pl\/en\/wp-json\/wp\/v2\/product_cat?post=40743"},{"taxonomy":"product_tag","embeddable":true,"href":"https:\/\/placezabawfrajda.pl\/en\/wp-json\/wp\/v2\/product_tag?post=40743"}],"curies":[{"name":"wp","href":"https:\/\/api.w.org\/{rel}","templated":true}]}}